{"id":965,"date":"2018-08-24T17:28:52","date_gmt":"2018-08-24T15:28:52","guid":{"rendered":"http:\/\/esquisse-ean.net\/?page_id=965"},"modified":"2024-09-22T12:39:48","modified_gmt":"2024-09-22T10:39:48","slug":"espace-etudiant","status":"publish","type":"page","link":"https:\/\/www.esquisse-ean.net\/?page_id=965","title":{"rendered":"Espace \u00e9tudiant"},"content":{"rendered":"<h3>Pour r\u00e9aliser des missions en agence&#8230;<\/h3>\n\n\n\n\n<p>L\u2019adh\u00e9sion \u00e9tudiante est de<strong> 10 euros par ann\u00e9e scolaire<\/strong>.\nElle doit \u00eatre renouvel\u00e9e chaque ann\u00e9e.<\/p>\n\n\n\n<p>Avant l&rsquo;inscription, munissez-vous de votre <strong>certificat de scolarit\u00e9 de l\u2019ENSA Nantes valide*<\/strong> et de votre <b>pi\u00e8ce d&rsquo;identit\u00e9.<\/b><\/p>\n\n\n\n<p><strong>L&rsquo;adh\u00e9sion se fait directement en ligne sur la <a href=\"https:\/\/www.jobers.fr\/\">plateforme Jobers France<\/a><\/strong> o\u00f9 vous devrez cr\u00e9er un compte.<\/p>\n\n\n\n<p><\/p>\n\n\n\n<p><em>NB : * <\/em><em>Le certificat scolaire de l&rsquo;ann\u00e9e en cours est valable jusqu&rsquo;au 31 Ao\u00fbt.<\/em><\/p>\n\n\n\n<p><\/p>\n\n\n\n<h2 class=\"wp-block-heading\">Pour s&rsquo;engager en tant que b\u00e9n\u00e9vole&#8230;<\/h2>\n\n\n\n<p><ins datetime=\"2019-09-01T11:13:46+00:00\"><mark class=\"has-inline-color has-cyan-bluish-gray-color\">Voici en quoi consiste les t\u00e2ches d\u2019un.e membre actif.ve chez Esquisse :<\/mark><\/ins><\/p>\n\n\n\n<ul class=\"wp-block-list\">\n<li>\u00catre en lien direct avec le r\u00e9seau d\u2019entreprise et le d\u00e9velopper<\/li>\n\n\n\n<li>Donner un peu de son temps une fois par semaine.<strong>&nbsp;(1h \u00e0 2h par semaine)<\/strong><\/li>\n\n\n\n<li>Conseiller les \u00e9tudiants et les entreprises (choix de r\u00e9mun\u00e9ration, dur\u00e9e, d\u00e9tail de la mission\u2026)<\/li>\n\n\n\n<li>D\u00e9velopper les projets d\u2019Esquisse et am\u00e9liorer le fonctionnement interne de l&rsquo;association (innovation, communication, partenariat,&#8230;)<\/li>\n<\/ul>\n\n\n\n<p><ins datetime=\"2019-09-01T11:14:21+00:00\"><mark class=\"has-inline-color has-cyan-bluish-gray-color\">Et c\u2019est l\u2019occasion aussi de &#8230;.<\/mark><\/ins><\/p>\n\n\n\n<ul class=\"wp-block-list\">\n<li>Conna\u00eetre les architectes qui emploient des \u00e9tudiants (\u00e0 Nantes mais aussi \u00e0 Paris et ailleurs).<\/li>\n\n\n\n<li>B\u00e9n\u00e9ficier d\u2019avantages sur ses propres conventions<\/li>\n\n\n\n<li>D\u00e9couvrir la gestion d\u2019une junior entreprise<\/li>\n\n\n\n<li>S\u2019impliquer dans ESQUISSE est un atout pour votre CV !<\/li>\n\n\n\n<li>Un autre moyen de s\u2019impliquer dans la vie de l\u2019\u00e9cole<\/li>\n<\/ul>\n\n\n\n<p><strong>Avec autant d&rsquo;avantages, pourquoi ne pas renforcer l&rsquo;\u00e9quipe ? Rejoins-nous en nous contactant par mail ou sur insta tout au long de l&rsquo;ann\u00e9e !<\/strong><\/p>\n\n\n\n<p><\/p>\n","protected":false},"excerpt":{"rendered":"<p>Pour r\u00e9aliser des missions en agence&#8230; L\u2019adh\u00e9sion \u00e9tudiante est de 10 euros par ann\u00e9e scolaire. Elle doit \u00eatre renouvel\u00e9e chaque ann\u00e9e. Avant l&rsquo;inscription, munissez-vous de votre certificat de scolarit\u00e9 de l\u2019ENSA Nantes valide* et de votre pi\u00e8ce d&rsquo;identit\u00e9. L&rsquo;adh\u00e9sion se fait directement en ligne sur la plateforme Jobers France o\u00f9 vous devrez cr\u00e9er un compte. &hellip; <\/p>\n<p class=\"link-more\"><a href=\"https:\/\/www.esquisse-ean.net\/?page_id=965\" class=\"more-link\">Continuer la lecture<span class=\"screen-reader-text\"> de &laquo;&nbsp;Espace \u00e9tudiant&nbsp;&raquo;<\/span><\/a><\/p>\n","protected":false},"author":1499,"featured_media":0,"parent":0,"menu_order":0,"comment_status":"closed","ping_status":"closed","template":"","meta":{"footnotes":""},"class_list":["post-965","page","type-page","status-publish","hentry"],"aioseo_notices":[],"_links":{"self":[{"href":"https:\/\/www.esquisse-ean.net\/index.php?rest_route=\/wp\/v2\/pages\/965","targetHints":{"allow":["GET"]}}],"collection":[{"href":"https:\/\/www.esquisse-ean.net\/index.php?rest_route=\/wp\/v2\/pages"}],"about":[{"href":"https:\/\/www.esquisse-ean.net\/index.php?rest_route=\/wp\/v2\/types\/page"}],"author":[{"embeddable":true,"href":"https:\/\/www.esquisse-ean.net\/index.php?rest_route=\/wp\/v2\/users\/1499"}],"replies":[{"embeddable":true,"href":"https:\/\/www.esquisse-ean.net\/index.php?rest_route=%2Fwp%2Fv2%2Fcomments&post=965"}],"version-history":[{"count":39,"href":"https:\/\/www.esquisse-ean.net\/index.php?rest_route=\/wp\/v2\/pages\/965\/revisions"}],"predecessor-version":[{"id":2087,"href":"https:\/\/www.esquisse-ean.net\/index.php?rest_route=\/wp\/v2\/pages\/965\/revisions\/2087"}],"wp:attachment":[{"href":"https:\/\/www.esquisse-ean.net\/index.php?rest_route=%2Fwp%2Fv2%2Fmedia&parent=965"}],"curies":[{"name":"wp","href":"https:\/\/api.w.org\/{rel}","templated":true}]}}