{"id":893,"date":"2018-05-01T16:01:27","date_gmt":"2018-05-01T14:01:27","guid":{"rendered":"http:\/\/esquisse-ean.net\/?page_id=893"},"modified":"2022-09-28T09:37:04","modified_gmt":"2022-09-28T07:37:04","slug":"subventions","status":"publish","type":"page","link":"https:\/\/www.esquisse-ean.net\/?page_id=893","title":{"rendered":"Subventions"},"content":{"rendered":"<p>Esquisse s&rsquo;engage pour vous aider !<\/p>\n<p>Financer, c&rsquo;est participer \u00e0 la cr\u00e9ation de projets \u00e9tudiants \u00e0 l&rsquo;ENSA ou hors \u00e9cole.<\/p>\n<p>L\u2019association ESQUISSE peut ainsi participer aux \u00e9v\u00e9nements associatifs, culturels et architecturaux par le biais de subventions.<\/p>\n<p><strong>CONDITIONS D&rsquo;ATTRIBUTION DE SUBVENTIONS<\/strong><\/p>\n<p>1\/ Il est exig\u00e9 aux demandeurs de r\u00e9unir des documents sp\u00e9cifiques dans un <strong>dossier de demande de subvention<\/strong>\u00a0:<\/p>\n<ul>\n<li>une lettre de motivation, qui d\u00e9montre aussi le lien entre les \u00e9tudiants et votre \u00e9v\u00e9nement.<\/li>\n<li>la description de l\u2019\u00e9v\u00e8nement organis\u00e9, les organisateurs, dates, logo de l\u2019association etc\u2026<\/li>\n<li>un budget pr\u00e9visionnel, (les d\u00e9penses pr\u00e9vues, le d\u00e9tail des autres sponsors si il y en a)<\/li>\n<li>le budget r\u00e9alis\u00e9 de l\u2019an dernier et les d\u00e9penses finales pour le m\u00eame type d&rsquo;\u00e9v\u00e9nement.<\/li>\n<li>Acte d\u2019engagement budg\u00e9taire*<\/li>\n<li><u>Nous souhaitons aussi que l\u2019association soit repr\u00e9sent\u00e9e dans la communication de l\u2019\u00e9v\u00e9nement<\/u> (affiche, vid\u00e9o, r\u00e9seaux sociaux \u2026) il vous sera demand\u00e9 de d\u00e9crire les moyens mis en place dans la lettre de motivation.<\/li>\n<\/ul>\n<p><em>NB : Il est possible de consulter le classeur des archives des demandes de subventions des ann\u00e9es pr\u00e9c\u00e9dentes, au local esquisse.<\/em><\/p>\n<p>*Certaines d\u00e9marches, notamment budg\u00e9taires, nous ont pos\u00e9 des questions suite au financement des ann\u00e9es pr\u00e9c\u00e9dentes. <strong>Dor\u00e9navant, nous vous demandons de joindre au dossier, un acte d\u2019engagement <\/strong>qui vous engagera sur les co\u00fbts pr\u00e9vus de l\u2019\u00e9v\u00e8nement et l&rsquo;utilisation pr\u00e9vue dans la demande de subvention. Il sera sign\u00e9 par le pr\u00e9sident de l\u2019association qui demande la subvention.<\/p>\n<p>2\/<b> Apr\u00e8s l&rsquo;\u00e9v\u00e9nement\u00a0:<\/b><\/p>\n<p>Dans le cas o\u00f9 les d\u00e9penses sont sup\u00e9rieures \u00e0 celles pr\u00e9vues dans le budget pr\u00e9visionnel et que l&rsquo;association ou l&rsquo;\u00e9tudiant a besoin d&rsquo;une rallonge budg\u00e9taire, ces d\u00e9penses devront \u00eatre justifi\u00e9es (factures \u00e0 joindre).\u00a0 Si il y a des nouveaux besoins mais non mentionn\u00e9s dans le budget pr\u00e9visionnel, Esquisse \u00e0 le droit de demander en retour des justificatifs suppl\u00e9mentaires pour ses archives et aussi pour son suivi de comptabilit\u00e9. Il vous sera donc demand\u00e9 <u>un r\u00e9capitulatif des d\u00e9penses r\u00e9alis\u00e9es apr\u00e8s l&rsquo;\u00e9v\u00e8nement<\/u>. Cela a pour objectif d&rsquo;am\u00e9liorer vos demandes de subvention et pour nous, de mieux calculer les montants des futures subventions.<\/p>\n<p>Esquisse peut \u00e9galement subventionner des demandes des \u00e9tudiants de l\u2019\u00e9cole de l\u2019ENSA Nantes si il y a un int\u00e9r\u00eat pour les autres\u00a0 \u00e9tudiants.<\/p>\n<p><em>Exemples : financer une exposition en lien avec l\u2019architecture, une conf\u00e9rence, des formations, \u00e9v\u00e8nements \u00e0 l\u2019\u00e9cole pour les \u00e9tudiants, la participation \u00e0 un festival d\u2018architecture si ce festival est accessible \u00e0 des \u00e9tudiants de l\u2019ENSA Nantes\u2026 etc. <\/em><\/p>\n<p>N\u2019h\u00e9sitez pas \u00e0 revenir vers nous si vous avez des questions \u00e0 ce sujet\u00a0!<\/p>\n<p>A tr\u00e8s vite !<\/p>\n<p>L&rsquo;\u00e9quipe Esquisse.<\/p>\n","protected":false},"excerpt":{"rendered":"<p>Esquisse s&rsquo;engage pour vous aider ! Financer, c&rsquo;est participer \u00e0 la cr\u00e9ation de projets \u00e9tudiants \u00e0 l&rsquo;ENSA ou hors \u00e9cole. L\u2019association ESQUISSE peut ainsi participer aux \u00e9v\u00e9nements associatifs, culturels et architecturaux par le biais de subventions. CONDITIONS D&rsquo;ATTRIBUTION DE SUBVENTIONS 1\/ Il est exig\u00e9 aux demandeurs de r\u00e9unir des documents sp\u00e9cifiques dans un dossier de &hellip; <\/p>\n<p class=\"link-more\"><a href=\"https:\/\/www.esquisse-ean.net\/?page_id=893\" class=\"more-link\">Continuer la lecture<span class=\"screen-reader-text\"> de &laquo;&nbsp;Subventions&nbsp;&raquo;<\/span><\/a><\/p>\n","protected":false},"author":1499,"featured_media":0,"parent":0,"menu_order":0,"comment_status":"closed","ping_status":"closed","template":"","meta":{"footnotes":""},"class_list":["post-893","page","type-page","status-publish","hentry"],"aioseo_notices":[],"_links":{"self":[{"href":"https:\/\/www.esquisse-ean.net\/index.php?rest_route=\/wp\/v2\/pages\/893","targetHints":{"allow":["GET"]}}],"collection":[{"href":"https:\/\/www.esquisse-ean.net\/index.php?rest_route=\/wp\/v2\/pages"}],"about":[{"href":"https:\/\/www.esquisse-ean.net\/index.php?rest_route=\/wp\/v2\/types\/page"}],"author":[{"embeddable":true,"href":"https:\/\/www.esquisse-ean.net\/index.php?rest_route=\/wp\/v2\/users\/1499"}],"replies":[{"embeddable":true,"href":"https:\/\/www.esquisse-ean.net\/index.php?rest_route=%2Fwp%2Fv2%2Fcomments&post=893"}],"version-history":[{"count":14,"href":"https:\/\/www.esquisse-ean.net\/index.php?rest_route=\/wp\/v2\/pages\/893\/revisions"}],"predecessor-version":[{"id":1941,"href":"https:\/\/www.esquisse-ean.net\/index.php?rest_route=\/wp\/v2\/pages\/893\/revisions\/1941"}],"wp:attachment":[{"href":"https:\/\/www.esquisse-ean.net\/index.php?rest_route=%2Fwp%2Fv2%2Fmedia&parent=893"}],"curies":[{"name":"wp","href":"https:\/\/api.w.org\/{rel}","templated":true}]}}