{"id":443,"date":"2017-06-10T21:53:01","date_gmt":"2017-06-10T19:53:01","guid":{"rendered":"http:\/\/esquisse-ean.net\/?page_id=443"},"modified":"2024-09-22T12:41:39","modified_gmt":"2024-09-22T10:41:39","slug":"bienvenue","status":"publish","type":"page","link":"https:\/\/www.esquisse-ean.net\/","title":{"rendered":"Bienvenue chez ESQUISSE !"},"content":{"rendered":"\n<p><\/p>\n\n\n\n<p><strong>ESQUISSE<\/strong>, une association d&rsquo;\u00e9tudiants b\u00e9n\u00e9voles \u00e0 but non-lucratif fond\u00e9e en 1993, est la junior conseil de l\u2019ENSA Nantes op\u00e9r\u00e9e par&nbsp;<a href=\"https:\/\/www.jobers.fr\/\">Jobers<\/a>. A vocation p\u00e9dagogique et \u00e9conomique, elle&nbsp;<strong>fait le lien entre les entreprises et les \u00e9tudiants pour des missions r\u00e9mun\u00e9r\u00e9es<\/strong>.<\/p>\n\n\n\n<p>ESQUISSE propose aux \u00e9tudiants de&nbsp;<strong>compl\u00e9ter leur enseignement th\u00e9orique par des missions pratiques<\/strong>&nbsp;dans les domaines de l\u2019architecture, de l\u2019urbanisme, du design, du maquettage, de la sc\u00e9nographie, du graphisme, de l\u2019\u00e9conomie de la construction, \u2026&nbsp;<\/p>\n\n\n\n<p><strong>Ces missions sont destin\u00e9es aux \u00e9tudiants de la 1\u00e8re ann\u00e9e aux Master et HMONP.<\/strong><\/p>\n\n\n\n<h2 class=\"wp-block-heading\">AVANTAGES<\/h2>\n\n\n\n<p>Les conventions d\u2019\u00e9tude ESQUISSE se d\u00e9marquent par leur accessibilit\u00e9 financi\u00e8re et leur flexibilit\u00e9. En moyenne <strong>20% moins tax\u00e9es qu\u2019un contrat de travail<\/strong> classique (CDD \/ CDI), <strong>elles permettent une \u00e9conomie pour les entreprises et une r\u00e9mun\u00e9ration plus attrayante des \u00e9tudiants<\/strong>, tout le monde y gagne&nbsp;!<\/p>\n\n\n\n<p>Con\u00e7ues pour r\u00e9pondre aux besoins sp\u00e9cifiques des agences d\u2019architecture, <strong>les conventions d\u2019\u00e9tudes permettent une flexibilit\u00e9 totale<\/strong>, pouvant \u00eatre modul\u00e9e d\u2019une journ\u00e9e \u00e0 plusieurs mois, c\u2019est vous qui d\u00e9cidez.<\/p>\n\n\n\n<h2 class=\"wp-block-heading\">FONCTIONNEMENT<\/h2>\n\n\n\n<p>Chaque mission doit \u00eatre officialis\u00e9e par une convention d\u2019\u00e9tudes sign\u00e9e. La demande de convention peut s\u2019effectuer directement <a href=\"https:\/\/www.jobers.fr\/\" title=\"\">en ligne<\/a> ou <a href=\"mailto:esquisse@jobers.fr\" title=\"par mail\">par mail<\/a> en remplissant le formulaire de demande de convention&nbsp;d&rsquo;\u00e9tude.<\/p>\n\n\n\n<p><strong>C\u00f4t\u00e9 \u00e9tudiant<\/strong>&nbsp;: le document contractuel entre ESQUISSE et l\u2019\u00e9tudiant est appel\u00e9 acceptation de mission. Au pr\u00e9alable, l\u2019\u00e9tudiant doit adh\u00e9rer \u00e0 l\u2019association et devra fournir un certificat de scolarit\u00e9 et une pi\u00e8ce d\u2019identit\u00e9. L\u2019adh\u00e9sion s\u2019effectue en ligne, sur le site web&nbsp;<a href=\"https:\/\/www.jobers.fr\/\" target=\"_blank\" rel=\"noopener\" title=\"\">jobers.fr<\/a>.<\/p>\n\n\n\n<p><strong>C\u00f4t\u00e9 entreprise<\/strong>&nbsp;: le document contractuel entre ESQUISSE et l\u2019entreprise est appel\u00e9 convention. L\u2019entreprise doit cr\u00e9er un profil en ligne, via le site <a href=\"https:\/\/www.jobers.fr\/entreprise\" title=\"\">Jobers <\/a>en renseignant ses informations de contact et son num\u00e9ro de SIRET. <\/p>\n\n\n\n<p><strong>La validation des profils en ligne se fait sous 2 jours ouvr\u00e9s.<\/strong><\/p>\n\n\n\n<p><\/p>\n","protected":false},"excerpt":{"rendered":"<p>ESQUISSE, une association d&rsquo;\u00e9tudiants b\u00e9n\u00e9voles \u00e0 but non-lucratif fond\u00e9e en 1993, est la junior conseil de l\u2019ENSA Nantes op\u00e9r\u00e9e par&nbsp;Jobers. A vocation p\u00e9dagogique et \u00e9conomique, elle&nbsp;fait le lien entre les entreprises et les \u00e9tudiants pour des missions r\u00e9mun\u00e9r\u00e9es. ESQUISSE propose aux \u00e9tudiants de&nbsp;compl\u00e9ter leur enseignement th\u00e9orique par des missions pratiques&nbsp;dans les domaines de l\u2019architecture, de &hellip; <\/p>\n<p class=\"link-more\"><a href=\"https:\/\/www.esquisse-ean.net\/\" class=\"more-link\">Continuer la lecture<span class=\"screen-reader-text\"> de &laquo;&nbsp;Bienvenue chez ESQUISSE !&nbsp;&raquo;<\/span><\/a><\/p>\n","protected":false},"author":1499,"featured_media":0,"parent":0,"menu_order":0,"comment_status":"closed","ping_status":"closed","template":"","meta":{"footnotes":""},"class_list":["post-443","page","type-page","status-publish","hentry"],"aioseo_notices":[],"_links":{"self":[{"href":"https:\/\/www.esquisse-ean.net\/index.php?rest_route=\/wp\/v2\/pages\/443","targetHints":{"allow":["GET"]}}],"collection":[{"href":"https:\/\/www.esquisse-ean.net\/index.php?rest_route=\/wp\/v2\/pages"}],"about":[{"href":"https:\/\/www.esquisse-ean.net\/index.php?rest_route=\/wp\/v2\/types\/page"}],"author":[{"embeddable":true,"href":"https:\/\/www.esquisse-ean.net\/index.php?rest_route=\/wp\/v2\/users\/1499"}],"replies":[{"embeddable":true,"href":"https:\/\/www.esquisse-ean.net\/index.php?rest_route=%2Fwp%2Fv2%2Fcomments&post=443"}],"version-history":[{"count":70,"href":"https:\/\/www.esquisse-ean.net\/index.php?rest_route=\/wp\/v2\/pages\/443\/revisions"}],"predecessor-version":[{"id":2085,"href":"https:\/\/www.esquisse-ean.net\/index.php?rest_route=\/wp\/v2\/pages\/443\/revisions\/2085"}],"wp:attachment":[{"href":"https:\/\/www.esquisse-ean.net\/index.php?rest_route=%2Fwp%2Fv2%2Fmedia&parent=443"}],"curies":[{"name":"wp","href":"https:\/\/api.w.org\/{rel}","templated":true}]}}