{"id":30,"date":"2011-09-15T08:06:48","date_gmt":"2011-09-15T06:06:48","guid":{"rendered":"http:\/\/esquisse-ean.net\/?page_id=30"},"modified":"2024-09-22T11:36:06","modified_gmt":"2024-09-22T09:36:06","slug":"contact","status":"publish","type":"page","link":"https:\/\/www.esquisse-ean.net\/?page_id=30","title":{"rendered":"Contact"},"content":{"rendered":"<ul>\n<li>Vous pouvez nous contacter par mail \u00e0 l&rsquo;adresse suivante :\u00a0 <a href=\"mailto:esquisse@jobers.fr\"><strong style=\"font-size: revert;\">esquisse@jobers.fr<\/strong><\/a><\/li>\n<\/ul>\n<ul>\n<li>Par t\u00e9l\u00e9phone :\u00a0 \u00a0 +<strong style=\"font-size: revert;\">33 (0)1 40 47 04 04<\/strong><\/li>\n<\/ul>\n<ul>\n<li>et vous pouvez nous retrouver sur les r\u00e9seaux :\u00a0 <strong style=\"font-size: revert;\">Instagram<\/strong><span style=\"font-size: revert;\"> : @<\/span><a style=\"font-size: revert;\" href=\"https:\/\/instagram.com\/esquisse_ensan?igshid=YmMyMTA2M2Y=\">esquisse_ensan <\/a><span style=\"font-size: revert;\">\u00a0 <a href=\"https:\/\/www.instagram.com\/jobersfrance\/\">@jobersfrance<\/a><\/span><\/li>\n<\/ul>\n<hr \/>\n<p><em>NB : Nous ne r\u00e9ceptionnons plus les courriers envoy\u00e9s \u00e0 l&rsquo;adresse de l&rsquo;\u00e9cole (ch\u00e8ques, documents administratifs,&#8230;).<\/em><\/p>\n<p>Merci de votre compr\u00e9hension<\/p>\n<p><strong>L&rsquo;\u00e9quipe Esquisse<\/strong><\/p>\n<hr \/>\n\n\n<p><\/p>\n","protected":false},"excerpt":{"rendered":"<p>Vous pouvez nous contacter par mail \u00e0 l&rsquo;adresse suivante :\u00a0 esquisse@jobers.fr Par t\u00e9l\u00e9phone :\u00a0 \u00a0 +33 (0)1 40 47 04 04 et vous pouvez nous retrouver sur les r\u00e9seaux :\u00a0 Instagram : @esquisse_ensan \u00a0 @jobersfrance NB : Nous ne r\u00e9ceptionnons plus les courriers envoy\u00e9s \u00e0 l&rsquo;adresse de l&rsquo;\u00e9cole (ch\u00e8ques, documents administratifs,&#8230;). Merci de votre compr\u00e9hension &hellip; <\/p>\n<p class=\"link-more\"><a href=\"https:\/\/www.esquisse-ean.net\/?page_id=30\" class=\"more-link\">Continuer la lecture<span class=\"screen-reader-text\"> de &laquo;&nbsp;Contact&nbsp;&raquo;<\/span><\/a><\/p>\n","protected":false},"author":1499,"featured_media":0,"parent":0,"menu_order":0,"comment_status":"closed","ping_status":"open","template":"","meta":{"footnotes":""},"class_list":["post-30","page","type-page","status-publish","hentry"],"aioseo_notices":[],"_links":{"self":[{"href":"https:\/\/www.esquisse-ean.net\/index.php?rest_route=\/wp\/v2\/pages\/30","targetHints":{"allow":["GET"]}}],"collection":[{"href":"https:\/\/www.esquisse-ean.net\/index.php?rest_route=\/wp\/v2\/pages"}],"about":[{"href":"https:\/\/www.esquisse-ean.net\/index.php?rest_route=\/wp\/v2\/types\/page"}],"author":[{"embeddable":true,"href":"https:\/\/www.esquisse-ean.net\/index.php?rest_route=\/wp\/v2\/users\/1499"}],"replies":[{"embeddable":true,"href":"https:\/\/www.esquisse-ean.net\/index.php?rest_route=%2Fwp%2Fv2%2Fcomments&post=30"}],"version-history":[{"count":65,"href":"https:\/\/www.esquisse-ean.net\/index.php?rest_route=\/wp\/v2\/pages\/30\/revisions"}],"predecessor-version":[{"id":2073,"href":"https:\/\/www.esquisse-ean.net\/index.php?rest_route=\/wp\/v2\/pages\/30\/revisions\/2073"}],"wp:attachment":[{"href":"https:\/\/www.esquisse-ean.net\/index.php?rest_route=%2Fwp%2Fv2%2Fmedia&parent=30"}],"curies":[{"name":"wp","href":"https:\/\/api.w.org\/{rel}","templated":true}]}}