{"id":1388,"date":"2019-08-30T16:57:16","date_gmt":"2019-08-30T14:57:16","guid":{"rendered":"http:\/\/esquisse-ean.net\/?page_id=1388"},"modified":"2022-09-28T09:44:12","modified_gmt":"2022-09-28T07:44:12","slug":"les-25-ans","status":"publish","type":"page","link":"https:\/\/www.esquisse-ean.net\/?page_id=1388","title":{"rendered":"Les 25 ans"},"content":{"rendered":"<p><img loading=\"lazy\" decoding=\"async\" class=\"size-medium wp-image-1398 aligncenter\" src=\"http:\/\/esquisse-ean.net\/wp-content\/uploads\/2019\/08\/25-300x283.png\" alt=\"\" width=\"300\" height=\"283\" srcset=\"https:\/\/www.esquisse-ean.net\/wp-content\/uploads\/2019\/08\/25-300x283.png 300w, https:\/\/www.esquisse-ean.net\/wp-content\/uploads\/2019\/08\/25-768x725.png 768w, https:\/\/www.esquisse-ean.net\/wp-content\/uploads\/2019\/08\/25-1024x967.png 1024w, https:\/\/www.esquisse-ean.net\/wp-content\/uploads\/2019\/08\/25.png 1310w\" sizes=\"auto, (max-width: 300px) 100vw, 300px\" \/><\/p>\n<p><strong>C&rsquo;\u00e9tait le 13 d\u00e9cembre 2018 !<\/strong> Nous souhaitons remercier tous les \u00e9tudiants qui ont aid\u00e9 \u00e0 l&rsquo;installation et qui sont venus \u00e0 la conf\u00e9rence de <em>Yes We Camp,\u00a0<\/em> et \u00e0 l&rsquo;exposition. Cette expo retra\u00e7ait l&rsquo;histoire d&rsquo;Esquisse accompagn\u00e9e de faits historiques et de t\u00e9moignages d&rsquo;anciens Esquissiens et Esquissiennes.<\/p>\n<p><a href=\"http:\/\/esquisse-ean.net\/?attachment_id=1400\" rel=\"attachment wp-att-1400\">Lettre de remerciement 25 ans<\/a><\/p>\n<p><a href=\"http:\/\/esquisse-ean.net\/?attachment_id=1401\" rel=\"attachment wp-att-1401\"><img loading=\"lazy\" decoding=\"async\" class=\"wp-image-1401 aligncenter\" src=\"http:\/\/esquisse-ean.net\/wp-content\/uploads\/2019\/08\/photos-d\u00e9quipe-300x200.jpg\" alt=\"\" width=\"557\" height=\"371\" srcset=\"https:\/\/www.esquisse-ean.net\/wp-content\/uploads\/2019\/08\/photos-d\u00e9quipe-300x200.jpg 300w, https:\/\/www.esquisse-ean.net\/wp-content\/uploads\/2019\/08\/photos-d\u00e9quipe-768x512.jpg 768w, https:\/\/www.esquisse-ean.net\/wp-content\/uploads\/2019\/08\/photos-d\u00e9quipe-1024x683.jpg 1024w\" sizes=\"auto, (max-width: 557px) 100vw, 557px\" \/><\/a><\/p>\n<p>L&rsquo;\u00e9quipe Esquisse souhaitent remercier tout particuli\u00e8rement les anciens et actuels membres qui ont particip\u00e9 \u00e0 la communication, \u00e0 l&rsquo;installation et \u00e0 l&rsquo;animation de cette soir\u00e9e ! Merci \u00e0 vous :<\/p>\n<p><strong>Mathilde Pichot<\/strong> : <em>Ancienne Pr\u00e9sidente\u00a0<\/em><\/p>\n<p><strong>Cl\u00e9mence Costo<\/strong> : <em>Ancienne Secr\u00e9taire<\/em><\/p>\n<p><strong>Alexandra Fiquelet<\/strong> : <em>Ancienne Vice-pr\u00e9sidente<\/em><\/p>\n<p><strong>Laura Dabireau<\/strong> : <em>AncienneTr\u00e9sori\u00e8re<\/em><\/p>\n<p><strong>Laure Purenne<\/strong> : <em>Ancienne Secr\u00e9taire<\/em><\/p>\n<p><strong>Pauline Briquet<\/strong> : <em>Ancienne membre active<\/em><\/p>\n<p><strong>Romane Petesque<\/strong> : <em>Ancienne membre active\u00a0<\/em><\/p>\n<p><strong>Agathe Bertin<\/strong> : <em>Ancienne membre active<\/em><\/p>\n<hr \/>\n<p>Photos de la soir\u00e9e prises par les b\u00e9n\u00e9voles de l&rsquo;association <strong>Photon (<\/strong>Matthias Rigou, Jules Clavier et Gr\u00e9goire Chauvet). Merci \u00e0 eux !<\/p>\n<p>Retrouvez leurs travaux sur leur page <strong>Facebook de l&rsquo;association Photon<\/strong> :\u00a0<a href=\"https:\/\/www.facebook.com\/photonensan\/?ref=br_tf&amp;epa=SEARCH_BOX\">https:\/\/www.facebook.com\/photonensan\/?ref=br_tf&amp;epa=SEARCH_BOX<\/a><\/p>\n","protected":false},"excerpt":{"rendered":"<p>C&rsquo;\u00e9tait le 13 d\u00e9cembre 2018 ! Nous souhaitons remercier tous les \u00e9tudiants qui ont aid\u00e9 \u00e0 l&rsquo;installation et qui sont venus \u00e0 la conf\u00e9rence de Yes We Camp,\u00a0 et \u00e0 l&rsquo;exposition. Cette expo retra\u00e7ait l&rsquo;histoire d&rsquo;Esquisse accompagn\u00e9e de faits historiques et de t\u00e9moignages d&rsquo;anciens Esquissiens et Esquissiennes. Lettre de remerciement 25 ans L&rsquo;\u00e9quipe Esquisse souhaitent &hellip; <\/p>\n<p class=\"link-more\"><a href=\"https:\/\/www.esquisse-ean.net\/?page_id=1388\" class=\"more-link\">Continuer la lecture<span class=\"screen-reader-text\"> de &laquo;&nbsp;Les 25 ans&nbsp;&raquo;<\/span><\/a><\/p>\n","protected":false},"author":1499,"featured_media":0,"parent":0,"menu_order":0,"comment_status":"closed","ping_status":"closed","template":"","meta":{"footnotes":""},"class_list":["post-1388","page","type-page","status-publish","hentry"],"aioseo_notices":[],"_links":{"self":[{"href":"https:\/\/www.esquisse-ean.net\/index.php?rest_route=\/wp\/v2\/pages\/1388","targetHints":{"allow":["GET"]}}],"collection":[{"href":"https:\/\/www.esquisse-ean.net\/index.php?rest_route=\/wp\/v2\/pages"}],"about":[{"href":"https:\/\/www.esquisse-ean.net\/index.php?rest_route=\/wp\/v2\/types\/page"}],"author":[{"embeddable":true,"href":"https:\/\/www.esquisse-ean.net\/index.php?rest_route=\/wp\/v2\/users\/1499"}],"replies":[{"embeddable":true,"href":"https:\/\/www.esquisse-ean.net\/index.php?rest_route=%2Fwp%2Fv2%2Fcomments&post=1388"}],"version-history":[{"count":19,"href":"https:\/\/www.esquisse-ean.net\/index.php?rest_route=\/wp\/v2\/pages\/1388\/revisions"}],"predecessor-version":[{"id":1944,"href":"https:\/\/www.esquisse-ean.net\/index.php?rest_route=\/wp\/v2\/pages\/1388\/revisions\/1944"}],"wp:attachment":[{"href":"https:\/\/www.esquisse-ean.net\/index.php?rest_route=%2Fwp%2Fv2%2Fmedia&parent=1388"}],"curies":[{"name":"wp","href":"https:\/\/api.w.org\/{rel}","templated":true}]}}